{"id":1157,"date":"2026-02-20T07:03:11","date_gmt":"2026-02-20T12:03:11","guid":{"rendered":"https:\/\/wingbeats.co\/?page_id=1157"},"modified":"2026-02-20T07:13:17","modified_gmt":"2026-02-20T12:13:17","slug":"news","status":"publish","type":"page","link":"https:\/\/wingbeats.co\/es\/news\/","title":{"rendered":"Noticias"},"content":{"rendered":"<div data-elementor-type=\"wp-page\" data-elementor-id=\"1157\" class=\"elementor elementor-1157\" data-elementor-post-type=\"page\">\n\t\t\t\t<div class=\"elementor-element elementor-element-a983378 e-flex e-con-boxed e-con e-parent\" data-id=\"a983378\" data-element_type=\"container\" data-e-type=\"container\" data-settings=\"{&quot;hoteller_ext_is_background_parallax&quot;:&quot;false&quot;,&quot;hoteller_ext_is_background_backdrop&quot;:&quot;false&quot;,&quot;hoteller_ext_is_background_on_scroll&quot;:&quot;false&quot;,&quot;hoteller_ext_link_sidemenu&quot;:&quot;false&quot;,&quot;hoteller_ext_link_fullmenu&quot;:&quot;false&quot;,&quot;hoteller_ext_link_closed_fullmenu&quot;:&quot;false&quot;,&quot;hoteller_ext_is_scrollme&quot;:&quot;false&quot;,&quot;hoteller_ext_is_smoove&quot;:&quot;false&quot;,&quot;hoteller_ext_is_parallax_mouse&quot;:&quot;false&quot;,&quot;hoteller_ext_is_infinite&quot;:&quot;false&quot;,&quot;hoteller_ext_is_fadeout_animation&quot;:&quot;false&quot;,&quot;hoteller_ext_mobile_static&quot;:&quot;false&quot;}\">\n\t\t\t\t\t<div class=\"e-con-inner\">\n\t\t\t\t<div class=\"elementor-element elementor-element-9d3df7e elementor-widget elementor-widget-heading\" data-id=\"9d3df7e\" data-element_type=\"widget\" data-e-type=\"widget\" data-settings=\"{&quot;hoteller_ext_link_sidemenu&quot;:&quot;false&quot;,&quot;hoteller_ext_link_fullmenu&quot;:&quot;false&quot;,&quot;hoteller_ext_link_closed_fullmenu&quot;:&quot;false&quot;,&quot;hoteller_ext_is_scrollme&quot;:&quot;false&quot;,&quot;hoteller_ext_is_parallax_mouse&quot;:&quot;false&quot;,&quot;hoteller_ext_is_infinite&quot;:&quot;false&quot;,&quot;hoteller_ext_is_fadeout_animation&quot;:&quot;false&quot;,&quot;hoteller_ext_mobile_static&quot;:&quot;false&quot;}\" data-widget_type=\"heading.default\">\n\t\t\t\t\t<h1 class=\"elementor-heading-title elementor-size-default\">Noticias<\/h1>\t\t\t\t<\/div>\n\t\t\t\t<div class=\"elementor-element elementor-element-e91370a elementor-widget elementor-widget-heading\" data-id=\"e91370a\" data-element_type=\"widget\" data-e-type=\"widget\" data-settings=\"{&quot;hoteller_ext_link_sidemenu&quot;:&quot;false&quot;,&quot;hoteller_ext_link_fullmenu&quot;:&quot;false&quot;,&quot;hoteller_ext_link_closed_fullmenu&quot;:&quot;false&quot;,&quot;hoteller_ext_is_scrollme&quot;:&quot;false&quot;,&quot;hoteller_ext_is_smoove&quot;:&quot;false&quot;,&quot;hoteller_ext_is_parallax_mouse&quot;:&quot;false&quot;,&quot;hoteller_ext_is_infinite&quot;:&quot;false&quot;,&quot;hoteller_ext_is_fadeout_animation&quot;:&quot;false&quot;,&quot;hoteller_ext_mobile_static&quot;:&quot;false&quot;}\" data-widget_type=\"heading.default\">\n\t\t\t\t\t<h2 class=\"elementor-heading-title elementor-size-default\">\u00daltimas noticias de observaci\u00f3n de aves en Colombia: avistamientos raros, actualizaciones sobre especies end\u00e9micas, informes de migraci\u00f3n y aspectos destacados de la conservaci\u00f3n.\n<\/h2>\t\t\t\t<\/div>\n\t\t\t\t\t<\/div>\n\t\t\t\t<\/div>\n\t\t<div class=\"elementor-element elementor-element-3faa794 e-flex e-con-boxed e-con e-parent\" data-id=\"3faa794\" data-element_type=\"container\" data-e-type=\"container\" data-settings=\"{&quot;hoteller_ext_is_background_parallax&quot;:&quot;false&quot;,&quot;hoteller_ext_is_background_backdrop&quot;:&quot;false&quot;,&quot;hoteller_ext_is_background_on_scroll&quot;:&quot;false&quot;,&quot;hoteller_ext_link_sidemenu&quot;:&quot;false&quot;,&quot;hoteller_ext_link_fullmenu&quot;:&quot;false&quot;,&quot;hoteller_ext_link_closed_fullmenu&quot;:&quot;false&quot;,&quot;hoteller_ext_is_scrollme&quot;:&quot;false&quot;,&quot;hoteller_ext_is_smoove&quot;:&quot;false&quot;,&quot;hoteller_ext_is_parallax_mouse&quot;:&quot;false&quot;,&quot;hoteller_ext_is_infinite&quot;:&quot;false&quot;,&quot;hoteller_ext_is_fadeout_animation&quot;:&quot;false&quot;,&quot;hoteller_ext_mobile_static&quot;:&quot;false&quot;}\">\n\t\t\t\t\t<div class=\"e-con-inner\">\n\t\t\t\t<div class=\"elementor-element elementor-element-931ef7f elementor-aspect-ratio-169 elementor-widget elementor-widget-sky-generic-grid\" data-id=\"931ef7f\" data-element_type=\"widget\" data-e-type=\"widget\" data-settings=\"{&quot;hoteller_ext_link_sidemenu&quot;:&quot;false&quot;,&quot;hoteller_ext_link_fullmenu&quot;:&quot;false&quot;,&quot;hoteller_ext_link_closed_fullmenu&quot;:&quot;false&quot;,&quot;hoteller_ext_is_scrollme&quot;:&quot;false&quot;,&quot;hoteller_ext_is_smoove&quot;:&quot;false&quot;,&quot;hoteller_ext_is_parallax_mouse&quot;:&quot;false&quot;,&quot;hoteller_ext_is_infinite&quot;:&quot;false&quot;,&quot;hoteller_ext_is_fadeout_animation&quot;:&quot;false&quot;,&quot;hoteller_ext_mobile_static&quot;:&quot;false&quot;}\" data-widget_type=\"sky-generic-grid.default\">\n\t\t\t\t\t\t\t<div class=\"sa-generic-grid sa-img-effect-1\">\n\t\t\t\t\t<div class=\"sa-post-item sa-p-4\">\n\n\t\t\t<div class=\"sa-post-img-parent sa-position-relative\">\n\t\t\t\t\t\t<div class=\"sa-post-img-wrapper sa-d-flex\">\n\t\t\t\t\t\t\t<!-- Extra - Link added in Image -->\n\t\t\t\t<a class=\"sa-w-100 sa-h-100\" href=\"https:\/\/wingbeats.co\/es\/top-birds-of-colombia-northern-caribbean\/\"\n\t\t\t\t\ttitle=\"Las aves m\u00e1s importantes del Caribe Norte de Colombia\">\n\t\t\t\t\t<img fetchpriority=\"high\" decoding=\"async\" width=\"1024\" height=\"633\" src=\"https:\/\/wingbeats.co\/wp-content\/uploads\/2026\/02\/Hypnelus-ruficollis-3-1024x633.jpg\" class=\"sa-post-img\" alt=\"Las aves m\u00e1s importantes del Caribe Norte de Colombia\" srcset=\"https:\/\/wingbeats.co\/wp-content\/uploads\/2026\/02\/Hypnelus-ruficollis-3-1024x633.jpg 1024w, https:\/\/wingbeats.co\/wp-content\/uploads\/2026\/02\/Hypnelus-ruficollis-3-300x185.jpg 300w, https:\/\/wingbeats.co\/wp-content\/uploads\/2026\/02\/Hypnelus-ruficollis-3-768x475.jpg 768w, https:\/\/wingbeats.co\/wp-content\/uploads\/2026\/02\/Hypnelus-ruficollis-3-1536x949.jpg 1536w, https:\/\/wingbeats.co\/wp-content\/uploads\/2026\/02\/Hypnelus-ruficollis-3-2048x1265.jpg 2048w, https:\/\/wingbeats.co\/wp-content\/uploads\/2026\/02\/Hypnelus-ruficollis-3-440x272.jpg 440w, https:\/\/wingbeats.co\/wp-content\/uploads\/2026\/02\/Hypnelus-ruficollis-3-600x371.jpg 600w\" sizes=\"(max-width: 1024px) 100vw, 1024px\" title=\"\">\t\t\t\t<\/a>\n\t\t\t\n\t\t\t\t\t<\/div>\n\t\t\t\t<div class=\"sa-post-meta sa-d-flex sa-flex-column sa-position-absolute sa-px-3 sa-py-2\">\n\t\t\t<span class=\"sa-post-day sa-mb-2\">20<\/span>\n\t\t\t<span class=\"sa-post-month\">Feb<\/span>\n\t\t<\/div>\n\t\t\t\t\t<\/div>\n\n\t\t\t<div class=\"sa-post-content-wrapper sa-position-relative\">\n\t\t\t\t<div class=\"sa-post-category sa-post-category-style-1 sa-mb-3\"><a href=\"https:\/\/wingbeats.co\/es\/category\/news\/\">Noticias<\/a><\/div><h3 class=\"sa-post-title sa-mb-3\"><a href=\"https:\/\/wingbeats.co\/es\/top-birds-of-colombia-northern-caribbean\/\" title=\"Las aves m\u00e1s importantes del Caribe Norte de Colombia\">Las aves m\u00e1s importantes del Caribe Norte de Colombia<\/a><\/h3><div class=\"sa-post-text\"><p>Tesoros End\u00e9micos de la Sierra Nevada de Santa Marta...<\/p>\n<\/div>\t\t\t<\/div>\n\t\t<\/div>\n\t\t\t\t<div class=\"sa-post-item sa-p-4\">\n\n\t\t\t<div class=\"sa-post-img-parent sa-position-relative\">\n\t\t\t\t\t\t<div class=\"sa-post-img-wrapper sa-d-flex\">\n\t\t\t\t\t\t\t<!-- Extra - Link added in Image -->\n\t\t\t\t<a class=\"sa-w-100 sa-h-100\" href=\"https:\/\/wingbeats.co\/es\/welcome-to-wingbeats\/\"\n\t\t\t\t\ttitle=\"Bienvenido a Wingbeats\">\n\t\t\t\t\t<img decoding=\"async\" width=\"638\" height=\"515\" src=\"https:\/\/wingbeats.co\/wp-content\/uploads\/2026\/02\/slider11.jpg\" class=\"sa-post-img\" alt=\"Bienvenido a Wingbeats\" srcset=\"https:\/\/wingbeats.co\/wp-content\/uploads\/2026\/02\/slider11.jpg 638w, https:\/\/wingbeats.co\/wp-content\/uploads\/2026\/02\/slider11-300x242.jpg 300w, https:\/\/wingbeats.co\/wp-content\/uploads\/2026\/02\/slider11-440x355.jpg 440w, https:\/\/wingbeats.co\/wp-content\/uploads\/2026\/02\/slider11-600x484.jpg 600w\" sizes=\"(max-width: 638px) 100vw, 638px\" title=\"\">\t\t\t\t<\/a>\n\t\t\t\n\t\t\t\t\t<\/div>\n\t\t\t\t<div class=\"sa-post-meta sa-d-flex sa-flex-column sa-position-absolute sa-px-3 sa-py-2\">\n\t\t\t<span class=\"sa-post-day sa-mb-2\">28<\/span>\n\t\t\t<span class=\"sa-post-month\">Nov<\/span>\n\t\t<\/div>\n\t\t\t\t\t<\/div>\n\n\t\t\t<div class=\"sa-post-content-wrapper sa-position-relative\">\n\t\t\t\t<div class=\"sa-post-category sa-post-category-style-1 sa-mb-3\"><a href=\"https:\/\/wingbeats.co\/es\/category\/news\/\">Noticias<\/a><\/div><h3 class=\"sa-post-title sa-mb-3\"><a href=\"https:\/\/wingbeats.co\/es\/welcome-to-wingbeats\/\" title=\"Bienvenido a Wingbeats\">Bienvenido a Wingbeats<\/a><\/h3><div class=\"sa-post-text\"><p>Proyecto con un amplio compromiso con el planeta<\/p>\n<\/div>\t\t\t<\/div>\n\t\t<\/div>\n\t\t\t\t<div class=\"sa-post-item sa-p-4\">\n\n\t\t\t<div class=\"sa-post-img-parent sa-position-relative\">\n\t\t\t\t\t\t<div class=\"sa-post-img-wrapper sa-d-flex\">\n\t\t\t\t\t\t\t<!-- Extra - Link added in Image -->\n\t\t\t\t<a class=\"sa-w-100 sa-h-100\" href=\"https:\/\/wingbeats.co\/es\/colombia-a-paradise-for-bird-lovers\/\"\n\t\t\t\t\ttitle=\"Colombia, un para\u00edso para los amantes de las aves.\">\n\t\t\t\t\t<img decoding=\"async\" width=\"780\" height=\"551\" src=\"https:\/\/wingbeats.co\/wp-content\/uploads\/2024\/09\/Chloroceryle-aenea.jpg\" class=\"sa-post-img\" alt=\"Colombia, un para\u00edso para los amantes de las aves.\" srcset=\"https:\/\/wingbeats.co\/wp-content\/uploads\/2024\/09\/Chloroceryle-aenea.jpg 780w, https:\/\/wingbeats.co\/wp-content\/uploads\/2024\/09\/Chloroceryle-aenea-300x212.jpg 300w, https:\/\/wingbeats.co\/wp-content\/uploads\/2024\/09\/Chloroceryle-aenea-768x543.jpg 768w, https:\/\/wingbeats.co\/wp-content\/uploads\/2024\/09\/Chloroceryle-aenea-440x311.jpg 440w, https:\/\/wingbeats.co\/wp-content\/uploads\/2024\/09\/Chloroceryle-aenea-600x424.jpg 600w\" sizes=\"(max-width: 780px) 100vw, 780px\" title=\"\">\t\t\t\t<\/a>\n\t\t\t\n\t\t\t\t\t<\/div>\n\t\t\t\t<div class=\"sa-post-meta sa-d-flex sa-flex-column sa-position-absolute sa-px-3 sa-py-2\">\n\t\t\t<span class=\"sa-post-day sa-mb-2\">20<\/span>\n\t\t\t<span class=\"sa-post-month\">Sep<\/span>\n\t\t<\/div>\n\t\t\t\t\t<\/div>\n\n\t\t\t<div class=\"sa-post-content-wrapper sa-position-relative\">\n\t\t\t\t<div class=\"sa-post-category sa-post-category-style-1 sa-mb-3\"><a href=\"https:\/\/wingbeats.co\/es\/category\/news\/\">Noticias<\/a><\/div><h3 class=\"sa-post-title sa-mb-3\"><a href=\"https:\/\/wingbeats.co\/es\/colombia-a-paradise-for-bird-lovers\/\" title=\"Colombia, un para\u00edso para los amantes de las aves.\">Colombia, un para\u00edso para los amantes de las aves.<\/a><\/h3><div class=\"sa-post-text\"><p>La dedicaci\u00f3n de Diego Ochoa Laverde a observar, catalogar y descubrir el estado...<\/p>\n<\/div>\t\t\t<\/div>\n\t\t<\/div>\n\t\t\t\t<\/div>\n\n\t\t\t\t\t\t<\/div>\n\t\t\t\t\t<\/div>\n\t\t\t\t<\/div>\n\t\t\t\t<\/div>","protected":false},"excerpt":{"rendered":"<p>News Latest Birding News from Colombia: Rare Sightings, Endemic Species Updates, Migration Reports &amp; Conservation Highlights 19 Feb Uncategorized Caribbean Birds: Colombia\u2019s Northern Caribbean Birding Experience The Northern Caribbean of Colombia is one of the most 28 Nov News Welcome [&hellip;]<\/p>\n","protected":false},"author":1,"featured_media":0,"parent":0,"menu_order":0,"comment_status":"closed","ping_status":"closed","template":"elementor_header_footer","meta":{"footnotes":""},"class_list":["post-1157","page","type-page","status-publish","hentry"],"_links":{"self":[{"href":"https:\/\/wingbeats.co\/es\/wp-json\/wp\/v2\/pages\/1157","targetHints":{"allow":["GET"]}}],"collection":[{"href":"https:\/\/wingbeats.co\/es\/wp-json\/wp\/v2\/pages"}],"about":[{"href":"https:\/\/wingbeats.co\/es\/wp-json\/wp\/v2\/types\/page"}],"author":[{"embeddable":true,"href":"https:\/\/wingbeats.co\/es\/wp-json\/wp\/v2\/users\/1"}],"replies":[{"embeddable":true,"href":"https:\/\/wingbeats.co\/es\/wp-json\/wp\/v2\/comments?post=1157"}],"version-history":[{"count":4,"href":"https:\/\/wingbeats.co\/es\/wp-json\/wp\/v2\/pages\/1157\/revisions"}],"predecessor-version":[{"id":1162,"href":"https:\/\/wingbeats.co\/es\/wp-json\/wp\/v2\/pages\/1157\/revisions\/1162"}],"wp:attachment":[{"href":"https:\/\/wingbeats.co\/es\/wp-json\/wp\/v2\/media?parent=1157"}],"curies":[{"name":"wp","href":"https:\/\/api.w.org\/{rel}","templated":true}]}}